{"id":2008,"date":"2018-04-15T11:36:02","date_gmt":"2018-04-15T11:36:02","guid":{"rendered":"https:\/\/www.robolit.com\/?page_id=2008"},"modified":"2018-04-18T19:55:40","modified_gmt":"2018-04-18T19:55:40","slug":"kurtarma-robotlari-icin-standart-test-metodlari","status":"publish","type":"page","link":"https:\/\/www.robolit.com\/index.php\/tr\/projelerimiz\/kurtarma-robotlari-icin-standart-test-metodlari\/","title":{"rendered":"Kurtarma Robotlar\u0131 i\u00e7in Standart Test Metodlar\u0131"},"content":{"rendered":"<p>Robolit 2011-2015 y\u0131llar\u0131 aras\u0131nda Amerika Birle\u015fik Devletleri Ulusal Standartlar ve Teknoloji Enstit\u00fcs\u00fc b\u00fcnyesinde y\u00fcr\u00fct\u00fclen Standart Kurtarma Robotlar\u0131 Test Y\u00f6ntemleri projesi i\u00e7erisinde test metodu geli\u015ftiri orta\u011f\u0131 olarak g\u00f6rev yapt\u0131. Bu \u00e7al\u0131\u015fma esnas\u0131nda test metodu \u00e7al\u0131\u015fmalar\u0131m\u0131z yan\u0131 s\u0131ra Alanya&#8217;da T\u00fcrkiye&#8217;nin ilk (ve tek) sertifikal\u0131 bir b\u00f6lgesel test alan\u0131 kurumunu ve \u00fc\u00e7 adet uluslararas\u0131 test metodlar\u0131 \u00e7al\u0131\u015ftay\u0131n\u0131n organizasyonun ger\u00e7ekle\u015ftirdik. \u00c7al\u0131\u015fmalar\u0131m\u0131z halen stratejik d\u00fczeyde RoboCup Rescue League organizasyonu ve di\u011fer arama kurtarma ekiplerinin e\u011fitim ve testleri alan\u0131nda devam etmekte.<\/p>\n<div id=\"attachment_2026\" style=\"width: 310px\" class=\"wp-caption alignleft\"><img aria-describedby=\"caption-attachment-2026\" loading=\"lazy\" class=\"wp-image-2026 size-medium\" src=\"https:\/\/www.robolit.com\/wp-content\/uploads\/2018\/04\/IMG_4344-300x225.jpg\" alt=\"\" width=\"300\" height=\"225\" srcset=\"https:\/\/www.robolit.com\/wp-content\/uploads\/2018\/04\/IMG_4344-300x225.jpg 300w, https:\/\/www.robolit.com\/wp-content\/uploads\/2018\/04\/IMG_4344.jpg 640w\" sizes=\"(max-width: 300px) 100vw, 300px\" \/><p id=\"caption-attachment-2026\" class=\"wp-caption-text\">Bir\u00e7ok kabiliyet \u00f6l\u00e7\u00fcm\u00fcn\u00fc yapacak \u015fekilde zengin bir test seti haz\u0131rlanm\u0131\u015ft\u0131r. Bu resimde hareket ve eyleme testlerinden olu\u015fmu\u015f bir d\u00fczenek g\u00f6r\u00fcnmektedir.<\/p><\/div>\n<p>Test metodu geli\u015ftirme \u00e7al\u0131\u015fmalar\u0131m\u0131zda eyleme ve y\u00f6nlendirilmi\u015f g\u00f6zetleme kabiliyetlerini kapsayan \u00e7al\u0131\u015fmalar ger\u00e7ekle\u015ftirdik. Ancak grup i\u00e7erisindeki g\u00f6revlendirmelerimiz bunun ile s\u0131n\u0131rl\u0131 kalmay\u0131p di\u011fer geli\u015ftiriciler taraf\u0131ndan tasarlanan testler i\u00e7in mekanizma tasar\u0131m ve \u00fcretimi ve proje ile ili\u015fkili RoboCup Rescue League ve DARPA Robotics Challange (DRC) gibi organizasyonlar\u0131n y\u00fcr\u00fct\u00fclmesinde de katk\u0131 sa\u011flad\u0131k. Test metodlar\u0131 i\u00e7erisinde kullan\u0131lmak \u00fczere sistem tan\u0131mlamada kullan\u0131lan ikonografi sisteminin ilk s\u00fcr\u00fcm\u00fcn\u00fc de Robolit grubu tasarlad\u0131.<\/p>\n<p>Amerikan Ulusal Standartlar ve Teknoloji Enstit\u00fcs\u00fc i\u00e7erisindeki Ak\u0131ll\u0131 Sistemler Departman\u0131 alt\u0131nda y\u00fcr\u00fct\u00fclen proje robotlar\u0131n uygulamalara y\u00f6nelik performanslar\u0131n\u0131 \u00f6l\u00e7mek \u00fczere zengin ve \u00e7ok boyutlu bir test k\u00fcmesinin geli\u015ftirilmesini hedeflemektedir. Uzun vadedeki hedefi tedarik \u00e7al\u0131\u015fmalar\u0131nda kullan\u0131lmak \u00fczere merkezi bir veri taban\u0131 olu\u015fturmak ve (\u00f6ncelikli olarak) askeri ve arama kurtarma alanlar\u0131nda yap\u0131lacak robot al\u0131mlar\u0131nda kabiliyetlere g\u00f6re se\u00e7im yap\u0131lmas\u0131n\u0131n alt yap\u0131s\u0131n\u0131 olu\u015fturmakt\u0131r. Bu alt yap\u0131 vesilesi ile yeni ve daha iyi teknolojilerin \u00f6n plana \u00e7\u0131kar\u0131ld\u0131\u011f\u0131 bir teknoloji geli\u015ftirme ekosisteminin yarat\u0131lmas\u0131 ile alandaki asker ve arama kurtarma ekiplerine en iyi ara\u00e7lar\u0131n sa\u011flanmas\u0131 ama\u00e7lanmaktad\u0131r.<\/p>\n<div id=\"attachment_2027\" style=\"width: 310px\" class=\"wp-caption alignright\"><img aria-describedby=\"caption-attachment-2027\" loading=\"lazy\" class=\"wp-image-2027 size-medium\" src=\"https:\/\/www.robolit.com\/wp-content\/uploads\/2018\/04\/Screen-Shot-2018-04-15-at-1.50.26-PM-300x194.png\" alt=\"\" width=\"300\" height=\"194\" srcset=\"https:\/\/www.robolit.com\/wp-content\/uploads\/2018\/04\/Screen-Shot-2018-04-15-at-1.50.26-PM-300x194.png 300w, https:\/\/www.robolit.com\/wp-content\/uploads\/2018\/04\/Screen-Shot-2018-04-15-at-1.50.26-PM.png 744w\" sizes=\"(max-width: 300px) 100vw, 300px\" \/><p id=\"caption-attachment-2027\" class=\"wp-caption-text\">Yukar\u0131da \u00f6rnek bir uygulamas\u0131 g\u00f6sterilen robotik sistem tasvir ikonografisi Robolit taraf\u0131ndan geli\u015ftirilmi\u015ftir. Bu \u00e7al\u0131\u015fman\u0131n amac\u0131 testlerden ge\u00e7en robotik sistemlerin tasar\u0131m ve ayarlar\u0131n\u0131n detayl\u0131 bir \u015fekilde dokumante edilmesidir. Uzun vadede olu\u015facak tasvir ve test sonu\u00e7lar\u0131n\u0131 i\u00e7eren veri taban\u0131 ile gelecekte yap\u0131lacak tasar\u0131m \u00e7al\u0131\u015fmalar\u0131na daha etkili yol g\u00f6stermek hedeflenmektedir.<\/p><\/div>\n<p>Proje Amerikan Anayurt G\u00fcvenli\u011fi Bakanl\u0131\u011f\u0131 (DHS) taraf\u0131ndan fonlanmakta olup Amerikan Adalet Bakanl\u0131\u011f\u0131 (DoJ), Amerikan Kara Kuvvetleri Ara\u015ft\u0131rma Laboratuvar\u0131 (ARL) ve Savunma \u0130leri Ara\u015ft\u0131rma Projeleri Ajans\u0131 (DARPA) taraf\u0131ndan da desteklenmektedir.<\/p>\n<div id=\"attachment_2028\" style=\"width: 310px\" class=\"wp-caption alignleft\"><img aria-describedby=\"caption-attachment-2028\" loading=\"lazy\" class=\"wp-image-2028 size-medium\" src=\"https:\/\/www.robolit.com\/wp-content\/uploads\/2018\/04\/IMG_4380-300x225.jpg\" alt=\"\" width=\"300\" height=\"225\" srcset=\"https:\/\/www.robolit.com\/wp-content\/uploads\/2018\/04\/IMG_4380-300x225.jpg 300w, https:\/\/www.robolit.com\/wp-content\/uploads\/2018\/04\/IMG_4380.jpg 640w\" sizes=\"(max-width: 300px) 100vw, 300px\" \/><p id=\"caption-attachment-2028\" class=\"wp-caption-text\">Bu \u00e7al\u0131\u015fma i\u00e7inde geli\u015ftirilen testler sadece kara robotlar\u0131 i\u00e7in de\u011fildir. Su \u00fcst\u00fc\/alt\u0131 ve hava robotlar\u0131 i\u00e7in de geni\u015f bir test seti bulunmaktad\u0131r. Yukar\u0131daki resimde sabit bir ak\u0131nt\u0131 i\u00e7erisindeki uzaktan kumandal\u0131 deniz alt\u0131 robotunun y\u00f6nlendirilmi\u015f g\u00f6zetleme yaparken bir resmini g\u00f6rebilirsiniz.<\/p><\/div>\n<p>&nbsp;<\/p>\n","protected":false},"excerpt":{"rendered":"<p>Robolit 2011-2015 y\u0131llar\u0131 aras\u0131nda Amerika Birle\u015fik Devletleri Ulusal Standartlar ve Teknoloji Enstit\u00fcs\u00fc b\u00fcnyesinde y\u00fcr\u00fct\u00fclen Standart Kurtarma Robotlar\u0131 Test Y\u00f6ntemleri projesi i\u00e7erisinde test metodu geli\u015ftiri orta\u011f\u0131 olarak g\u00f6rev yapt\u0131. Bu \u00e7al\u0131\u015fma esnas\u0131nda test metodu \u00e7al\u0131\u015fmalar\u0131m\u0131z yan\u0131 s\u0131ra Alanya&#8217;da T\u00fcrkiye&#8217;nin ilk (ve tek) sertifikal\u0131 bir b\u00f6lgesel test alan\u0131 kurumunu ve \u00fc\u00e7 adet uluslararas\u0131 test metodlar\u0131 \u00e7al\u0131\u015ftay\u0131n\u0131n organizasyonun [&hellip;]<\/p>\n","protected":false},"author":1,"featured_media":0,"parent":177,"menu_order":0,"comment_status":"closed","ping_status":"closed","template":"fullwidth.php","meta":{"_mi_skip_tracking":false},"_links":{"self":[{"href":"https:\/\/www.robolit.com\/index.php\/wp-json\/wp\/v2\/pages\/2008"}],"collection":[{"href":"https:\/\/www.robolit.com\/index.php\/wp-json\/wp\/v2\/pages"}],"about":[{"href":"https:\/\/www.robolit.com\/index.php\/wp-json\/wp\/v2\/types\/page"}],"author":[{"embeddable":true,"href":"https:\/\/www.robolit.com\/index.php\/wp-json\/wp\/v2\/users\/1"}],"replies":[{"embeddable":true,"href":"https:\/\/www.robolit.com\/index.php\/wp-json\/wp\/v2\/comments?post=2008"}],"version-history":[{"count":4,"href":"https:\/\/www.robolit.com\/index.php\/wp-json\/wp\/v2\/pages\/2008\/revisions"}],"predecessor-version":[{"id":2032,"href":"https:\/\/www.robolit.com\/index.php\/wp-json\/wp\/v2\/pages\/2008\/revisions\/2032"}],"up":[{"embeddable":true,"href":"https:\/\/www.robolit.com\/index.php\/wp-json\/wp\/v2\/pages\/177"}],"wp:attachment":[{"href":"https:\/\/www.robolit.com\/index.php\/wp-json\/wp\/v2\/media?parent=2008"}],"curies":[{"name":"wp","href":"https:\/\/api.w.org\/{rel}","templated":true}]}}