{"id":1677,"date":"2017-12-28T18:26:02","date_gmt":"2017-12-28T18:26:02","guid":{"rendered":"http:\/\/www.robolit.com\/?page_id=1677"},"modified":"2017-12-28T19:15:01","modified_gmt":"2017-12-28T19:15:01","slug":"yazilim-muhendisi-us-ce-01","status":"publish","type":"page","link":"https:\/\/www.robolit.com\/index.php\/tr\/kariyer\/acik-pozisyonlar\/yazilim-muhendisi-us-ce-01\/","title":{"rendered":"Yaz\u0131l\u0131m M\u00fchendisi (US-CE-01)"},"content":{"rendered":"<p>Robolit New York \u0130tfaiye Departman\u0131&#8217;nda uzun y\u0131llar g\u00f6rev yapm\u0131\u015f g\u00f6revliler ile beraber arama kurtarma alan\u0131nda \u00e7\u0131\u011f\u0131r a\u00e7acak bir konseptin hayata ge\u00e7irilmesi i\u00e7in yeni bir ara\u015ft\u0131rma ve geli\u015ftirme projesine ba\u015fl\u0131yor. Bu \u00e7al\u0131\u015fmam\u0131za yarat\u0131c\u0131l\u0131klar\u0131 ile enerji katacak D\u00fcnya&#8217;y\u0131 de\u011fi\u015ftirme iste\u011fini iliklerine kadar hisseden giri\u015fimci yeni tak\u0131m arkada\u015flar\u0131 ar\u0131yoruz.<\/p>\n<h4>\u00d6zellikler<\/h4>\n<ul>\n<li>Proje Ocak 2018 tarihinde ba\u015flayacak.<\/li>\n<li>\u00c7al\u0131\u015fma 3-ayl\u0131k b\u00f6l\u00fcmler halinde New York \u0130tfaiyesi&#8217;ne yap\u0131lacak takvimine g\u00f6re yap\u0131land\u0131r\u0131ld\u0131<\/li>\n<li>Uygulamalar Philadelphia, PA and New York, NY \u015fehirlerinde<\/li>\n<li>Yaz\u0131l\u0131m geli\u015ftirme uzaktan ger\u00e7ekle\u015ftirilebilir.<\/li>\n<\/ul>\n<h4>Gereklilikler<\/h4>\n<ul>\n<li>UNIX\/Linux (kuvvetli i\u015fletim sistemi y\u00f6netimi bilgisi)<\/li>\n<li>Yaz\u0131l\u0131m m\u00fchendisli\u011fi (C ve di\u011fer t\u00fcrleri, python)<\/li>\n<li>A\u011f ve ileti\u015fim bilgisi (protokoller, ilgili donan\u0131m, v.b.)<\/li>\n<li>G\u00f6m\u00fcl\u00fc sistemler (ARM SoC, MCUs, etc.)<\/li>\n<li>Algoritmalar<\/li>\n<\/ul>\n<h4>Tercihler<\/h4>\n<ul>\n<li>H\u0131zl\u0131 prototip \u00fcretme teknikleri (3B yaz\u0131m, lazer kesim, CNC, v.b.)<\/li>\n<li>End\u00fcstriyel mekanik tasar\u0131m<\/li>\n<li>Elektrik m\u00fchendisli\u011fi (devre \u00e7izimi, PCB \u00fcretimi, PCB montaj\u0131)<\/li>\n<li>S\u00fcr\u00fcm kontrol sistemleri (Git, SVN, v.b.)<\/li>\n<li>Problem takip sistemleri (Bugzilla, Trac, v.b.)<\/li>\n<li>Wiki edit\u00f6rl\u00fc\u011f\u00fc (DokuWiki, Trac, MediaWiki, v.b.)<\/li>\n<\/ul>\n<h4>F\u0131rsatlar<\/h4>\n<ul>\n<li>Ba\u015flang\u0131\u00e7 noktas\u0131nda bir teknoloji giri\u015fim firmas\u0131nda yer alma<\/li>\n<li>Firmada hisse senedi sahibi olma f\u0131rsat\u0131<\/li>\n<li>Amerikan devlet daireleri ve uluslararas\u0131 arama kurtarma ekipleri ile \u00e7al\u0131\u015fma f\u0131rsat\u0131<\/li>\n<\/ul>\n<h4>Ba\u015fvuru<\/h4>\n<p>G\u00f6r\u00fc\u015fme ayarlamak icin l\u00fctfen a\u015fa\u011f\u0131daki ba\u015fvuru formunu doldurun. Ge\u00e7mi\u015f ili\u015fkili projeleri hakk\u0131na detayl\u0131 bilgi veren ba\u015fvurular \u00f6ncelik alacakt\u0131r.<\/p>\n<noscript class=\"ninja-forms-noscript-message\">\n    Notice: JavaScript is required for this content.<\/noscript><div id=\"nf-form-5-cont\" class=\"nf-form-cont\" aria-live=\"polite\" aria-labelledby=\"nf-form-title-5\" aria-describedby=\"nf-form-errors-5\" role=\"form\">\n\n    <div class=\"nf-loading-spinner\"><\/div>\n\n<\/div>\n        <!-- TODO: Move to Template File. -->\n        <script>var formDisplay=1;var nfForms=nfForms||[];var form=[];form.id='5';form.settings={\"objectType\":\"Form Setting\",\"editActive\":true,\"title\":\"US-CE-01 - Yaz\\u0131l\\u0131m M\\u00fchendisi\",\"created_at\":\"2017-12-28 22:11:15\",\"show_title\":\"1\",\"clear_complete\":\"1\",\"hide_complete\":\"1\",\"default_label_pos\":\"left\",\"wrapper_class\":\"\",\"element_class\":\"\",\"add_submit\":\"0\",\"changeEmailErrorMsg\":\"Please enter a valid email address!\",\"confirmFieldErrorMsg\":\"These fields must match!\",\"fieldNumberNumMinError\":\"Number Min Error\",\"fieldNumberNumMaxError\":\"Number Max Error\",\"fieldNumberIncrementBy\":\"Please increment by \",\"formErrorsCorrectErrors\":\"Please correct errors before submitting this form.\",\"validateRequiredField\":\"This is a required field.\",\"honeypotHoneypotError\":\"Honeypot Error\",\"fieldsMarkedRequired\":\"Fields marked with an <span class=\\\"ninja-forms-req-symbol\\\">*<\\\/span> are required\",\"currency\":\"\",\"logged_in\":\"\",\"not_logged_in_msg\":\"\",\"sub_limit_msg\":\"\",\"calculations\":[],\"formContentData\":[\"firstname_1490169049983\",\"lastname_1490169051825\",\"e-posta_1514490303320\",\"web_sitesi_1514490310907\",\"kabiliyetler_1514490318027\",\"oezgecmis_1514490411631\",\"portfoey_1514490425306\",\"hidden_1490169131056\",\"goender_1514490435321\"],\"unique_field_error\":\"A form with this value has already been submitted.\",\"drawerDisabled\":false,\"key\":\"\",\"ninjaForms\":\"Ninja Forms\",\"changeDateErrorMsg\":\"Please enter a valid date!\",\"fieldTextareaRTEInsertLink\":\"Insert Link\",\"fieldTextareaRTEInsertMedia\":\"Insert Media\",\"fieldTextareaRTESelectAFile\":\"Select a file\",\"formHoneypot\":\"If you are a human seeing this field, please leave it empty.\",\"fileUploadOldCodeFileUploadInProgress\":\"File Upload in Progress.\",\"fileUploadOldCodeFileUpload\":\"FILE UPLOAD\",\"currencySymbol\":false,\"thousands_sep\":\",\",\"decimal_point\":\".\",\"siteLocale\":\"en_US\",\"dateFormat\":\"m\\\/d\\\/Y\",\"startOfWeek\":\"1\",\"of\":\"of\",\"previousMonth\":\"Previous Month\",\"nextMonth\":\"Next Month\",\"months\":[\"January\",\"February\",\"March\",\"April\",\"May\",\"June\",\"July\",\"August\",\"September\",\"October\",\"November\",\"December\"],\"monthsShort\":[\"Jan\",\"Feb\",\"Mar\",\"Apr\",\"May\",\"Jun\",\"Jul\",\"Aug\",\"Sep\",\"Oct\",\"Nov\",\"Dec\"],\"weekdays\":[\"Sunday\",\"Monday\",\"Tuesday\",\"Wednesday\",\"Thursday\",\"Friday\",\"Saturday\"],\"weekdaysShort\":[\"Sun\",\"Mon\",\"Tue\",\"Wed\",\"Thu\",\"Fri\",\"Sat\"],\"weekdaysMin\":[\"Su\",\"Mo\",\"Tu\",\"We\",\"Th\",\"Fr\",\"Sa\"],\"recaptchaConsentMissing\":\"reCapctha validation couldn&#039;t load.\",\"recaptchaMissingCookie\":\"reCaptcha v3 validation couldn&#039;t load the cookie needed to submit the form.\",\"recaptchaConsentEvent\":\"Accept reCaptcha cookies before sending the form.\",\"embed_form\":\"\",\"currency_symbol\":\"\",\"beforeForm\":\"\",\"beforeFields\":\"\",\"afterFields\":\"\",\"afterForm\":\"\"};form.fields=[{\"objectType\":\"Field\",\"objectDomain\":\"fields\",\"editActive\":false,\"order\":1,\"type\":\"firstname\",\"label\":\"Ad\",\"key\":\"firstname_1490169049983\",\"label_pos\":\"left\",\"required\":1,\"default\":\"\",\"placeholder\":\"\",\"container_class\":\"\",\"element_class\":\"\",\"admin_label\":\"\",\"help_text\":\"\",\"desc_text\":\"\",\"manual_key\":1,\"drawerDisabled\":false,\"id\":29,\"beforeField\":\"\",\"afterField\":\"\",\"value\":\"\",\"parentType\":\"firstname\",\"element_templates\":[\"firstname\",\"input\"],\"old_classname\":\"\",\"wrap_template\":\"wrap\"},{\"objectType\":\"Field\",\"objectDomain\":\"fields\",\"editActive\":false,\"order\":2,\"type\":\"lastname\",\"label\":\"Soyad\",\"key\":\"lastname_1490169051825\",\"label_pos\":\"left\",\"required\":1,\"default\":\"\",\"placeholder\":\"\",\"container_class\":\"\",\"element_class\":\"\",\"admin_label\":\"\",\"help_text\":\"\",\"desc_text\":\"\",\"manual_key\":1,\"drawerDisabled\":false,\"id\":30,\"beforeField\":\"\",\"afterField\":\"\",\"value\":\"\",\"parentType\":\"lastname\",\"element_templates\":[\"lastname\",\"input\"],\"old_classname\":\"\",\"wrap_template\":\"wrap\"},{\"objectType\":\"Field\",\"objectDomain\":\"fields\",\"editActive\":false,\"order\":3,\"type\":\"email\",\"label\":\"E-Posta\",\"key\":\"e-posta_1514490303320\",\"label_pos\":\"left\",\"required\":1,\"default\":\"\",\"placeholder\":\"\",\"container_class\":\"\",\"element_class\":\"\",\"admin_label\":\"\",\"help_text\":\"\",\"desc_text\":\"\",\"drawerDisabled\":false,\"id\":31,\"beforeField\":\"\",\"afterField\":\"\",\"value\":\"\",\"parentType\":\"email\",\"element_templates\":[\"email\",\"input\"],\"old_classname\":\"\",\"wrap_template\":\"wrap\"},{\"objectType\":\"Field\",\"objectDomain\":\"fields\",\"editActive\":false,\"order\":4,\"type\":\"textbox\",\"label\":\"Web Sitesi\",\"key\":\"web_sitesi_1514490310907\",\"label_pos\":\"left\",\"required\":\"\",\"default\":\"\",\"placeholder\":\"\",\"container_class\":\"\",\"element_class\":\"\",\"input_limit\":\"\",\"input_limit_type\":\"characters\",\"input_limit_msg\":\"Character(s) left\",\"manual_key\":\"\",\"admin_label\":\"\",\"help_text\":\"\",\"mask\":\"\",\"custom_mask\":\"\",\"drawerDisabled\":false,\"id\":35,\"beforeField\":\"\",\"afterField\":\"\",\"value\":\"\",\"parentType\":\"textbox\",\"element_templates\":[\"textbox\",\"input\"],\"old_classname\":\"\",\"wrap_template\":\"wrap\"},{\"objectType\":\"Field\",\"objectDomain\":\"fields\",\"editActive\":false,\"order\":5,\"type\":\"listcheckbox\",\"label\":\"Kabiliyetler\",\"key\":\"kabiliyetler_1514490318027\",\"label_pos\":\"left\",\"required\":1,\"options\":[{\"errors\":[],\"max_options\":0,\"label\":\"Unix Y\\u00f6neticili\\u011fi\",\"value\":\"unix\",\"calc\":\"\",\"selected\":0,\"order\":0,\"settingModel\":{\"settings\":false,\"hide_merge_tags\":false,\"error\":false,\"name\":\"options\",\"type\":\"option-repeater\",\"label\":\"Options <a href=\\\"#\\\" class=\\\"nf-add-new\\\">Add New<\\\/a> <a href=\\\"#\\\" class=\\\"extra nf-open-import-tooltip\\\"><i class=\\\"fa fa-sign-in\\\" aria-hidden=\\\"true\\\"><\\\/i> Import<\\\/a>\",\"width\":\"full\",\"group\":\"\",\"value\":[{\"label\":\"One\",\"value\":\"one\",\"calc\":\"\",\"selected\":0,\"order\":0},{\"label\":\"Two\",\"value\":\"two\",\"calc\":\"\",\"selected\":0,\"order\":1},{\"label\":\"Three\",\"value\":\"three\",\"calc\":\"\",\"selected\":0,\"order\":2}],\"columns\":{\"label\":{\"header\":\"Label\",\"default\":\"\"},\"value\":{\"header\":\"Value\",\"default\":\"\"},\"calc\":{\"header\":\"Calc Value\",\"default\":\"\"},\"selected\":{\"header\":\"<span class=\\\"dashicons dashicons-yes\\\"><\\\/span>\",\"default\":0}}},\"manual_value\":true},{\"errors\":[],\"max_options\":0,\"label\":\"C ve T\\u00fcrevleri\",\"value\":\"c\",\"calc\":\"\",\"selected\":0,\"order\":1,\"settingModel\":{\"settings\":false,\"hide_merge_tags\":false,\"error\":false,\"name\":\"options\",\"type\":\"option-repeater\",\"label\":\"Options <a href=\\\"#\\\" class=\\\"nf-add-new\\\">Add New<\\\/a> <a href=\\\"#\\\" class=\\\"extra nf-open-import-tooltip\\\"><i class=\\\"fa fa-sign-in\\\" aria-hidden=\\\"true\\\"><\\\/i> Import<\\\/a>\",\"width\":\"full\",\"group\":\"\",\"value\":[{\"label\":\"One\",\"value\":\"one\",\"calc\":\"\",\"selected\":0,\"order\":0},{\"label\":\"Two\",\"value\":\"two\",\"calc\":\"\",\"selected\":0,\"order\":1},{\"label\":\"Three\",\"value\":\"three\",\"calc\":\"\",\"selected\":0,\"order\":2}],\"columns\":{\"label\":{\"header\":\"Label\",\"default\":\"\"},\"value\":{\"header\":\"Value\",\"default\":\"\"},\"calc\":{\"header\":\"Calc Value\",\"default\":\"\"},\"selected\":{\"header\":\"<span class=\\\"dashicons dashicons-yes\\\"><\\\/span>\",\"default\":0}}},\"manual_value\":true},{\"errors\":[],\"max_options\":0,\"label\":\"Python\",\"value\":\"python\",\"calc\":\"\",\"selected\":0,\"order\":2,\"settingModel\":{\"settings\":false,\"hide_merge_tags\":false,\"error\":false,\"name\":\"options\",\"type\":\"option-repeater\",\"label\":\"Options <a href=\\\"#\\\" class=\\\"nf-add-new\\\">Add New<\\\/a> <a href=\\\"#\\\" class=\\\"extra nf-open-import-tooltip\\\"><i class=\\\"fa fa-sign-in\\\" aria-hidden=\\\"true\\\"><\\\/i> Import<\\\/a>\",\"width\":\"full\",\"group\":\"\",\"value\":[{\"label\":\"One\",\"value\":\"one\",\"calc\":\"\",\"selected\":0,\"order\":0},{\"label\":\"Two\",\"value\":\"two\",\"calc\":\"\",\"selected\":0,\"order\":1},{\"label\":\"Three\",\"value\":\"three\",\"calc\":\"\",\"selected\":0,\"order\":2}],\"columns\":{\"label\":{\"header\":\"Label\",\"default\":\"\"},\"value\":{\"header\":\"Value\",\"default\":\"\"},\"calc\":{\"header\":\"Calc Value\",\"default\":\"\"},\"selected\":{\"header\":\"<span class=\\\"dashicons dashicons-yes\\\"><\\\/span>\",\"default\":0}}},\"manual_value\":true},{\"errors\":[],\"max_options\":0,\"order\":3,\"new\":false,\"options\":[],\"label\":\"A\\u011f\\\/\\u0130leti\\u015fim\",\"value\":\"net\",\"calc\":\"\",\"selected\":0,\"settingModel\":{\"settings\":false,\"hide_merge_tags\":false,\"error\":false,\"name\":\"options\",\"type\":\"option-repeater\",\"label\":\"Options <a href=\\\"#\\\" class=\\\"nf-add-new\\\">Add New<\\\/a> <a href=\\\"#\\\" class=\\\"extra nf-open-import-tooltip\\\"><i class=\\\"fa fa-sign-in\\\" aria-hidden=\\\"true\\\"><\\\/i> Import<\\\/a>\",\"width\":\"full\",\"group\":\"\",\"value\":[{\"label\":\"One\",\"value\":\"one\",\"calc\":\"\",\"selected\":0,\"order\":0},{\"label\":\"Two\",\"value\":\"two\",\"calc\":\"\",\"selected\":0,\"order\":1},{\"label\":\"Three\",\"value\":\"three\",\"calc\":\"\",\"selected\":0,\"order\":2}],\"columns\":{\"label\":{\"header\":\"Label\",\"default\":\"\"},\"value\":{\"header\":\"Value\",\"default\":\"\"},\"calc\":{\"header\":\"Calc Value\",\"default\":\"\"},\"selected\":{\"header\":\"<span class=\\\"dashicons dashicons-yes\\\"><\\\/span>\",\"default\":0}}},\"manual_value\":true},{\"errors\":[],\"max_options\":0,\"order\":4,\"new\":false,\"options\":[],\"label\":\"G\\u00f6m\\u00fcl\\u00fc Sistemler\",\"value\":\"iot\",\"calc\":\"\",\"selected\":0,\"settingModel\":{\"settings\":false,\"hide_merge_tags\":false,\"error\":false,\"name\":\"options\",\"type\":\"option-repeater\",\"label\":\"Options <a href=\\\"#\\\" class=\\\"nf-add-new\\\">Add New<\\\/a> <a href=\\\"#\\\" class=\\\"extra nf-open-import-tooltip\\\"><i class=\\\"fa fa-sign-in\\\" aria-hidden=\\\"true\\\"><\\\/i> Import<\\\/a>\",\"width\":\"full\",\"group\":\"\",\"value\":[{\"label\":\"One\",\"value\":\"one\",\"calc\":\"\",\"selected\":0,\"order\":0},{\"label\":\"Two\",\"value\":\"two\",\"calc\":\"\",\"selected\":0,\"order\":1},{\"label\":\"Three\",\"value\":\"three\",\"calc\":\"\",\"selected\":0,\"order\":2}],\"columns\":{\"label\":{\"header\":\"Label\",\"default\":\"\"},\"value\":{\"header\":\"Value\",\"default\":\"\"},\"calc\":{\"header\":\"Calc Value\",\"default\":\"\"},\"selected\":{\"header\":\"<span class=\\\"dashicons dashicons-yes\\\"><\\\/span>\",\"default\":0}}},\"manual_value\":true},{\"errors\":[],\"max_options\":0,\"order\":5,\"new\":false,\"options\":[],\"label\":\"H\\u0131zl\\u0131 Prototip\",\"value\":\"rapid\",\"calc\":\"\",\"selected\":0,\"settingModel\":{\"settings\":false,\"hide_merge_tags\":false,\"error\":false,\"name\":\"options\",\"type\":\"option-repeater\",\"label\":\"Options <a href=\\\"#\\\" class=\\\"nf-add-new\\\">Add New<\\\/a> <a href=\\\"#\\\" class=\\\"extra nf-open-import-tooltip\\\"><i class=\\\"fa fa-sign-in\\\" aria-hidden=\\\"true\\\"><\\\/i> Import<\\\/a>\",\"width\":\"full\",\"group\":\"\",\"value\":[{\"label\":\"One\",\"value\":\"one\",\"calc\":\"\",\"selected\":0,\"order\":0},{\"label\":\"Two\",\"value\":\"two\",\"calc\":\"\",\"selected\":0,\"order\":1},{\"label\":\"Three\",\"value\":\"three\",\"calc\":\"\",\"selected\":0,\"order\":2}],\"columns\":{\"label\":{\"header\":\"Label\",\"default\":\"\"},\"value\":{\"header\":\"Value\",\"default\":\"\"},\"calc\":{\"header\":\"Calc Value\",\"default\":\"\"},\"selected\":{\"header\":\"<span class=\\\"dashicons dashicons-yes\\\"><\\\/span>\",\"default\":0}}},\"manual_value\":true},{\"errors\":[],\"max_options\":0,\"order\":6,\"new\":false,\"options\":[],\"label\":\"Mekanik Tasar\\u0131m\",\"value\":\"mech\",\"calc\":\"\",\"selected\":0,\"settingModel\":{\"settings\":false,\"hide_merge_tags\":false,\"error\":false,\"name\":\"options\",\"type\":\"option-repeater\",\"label\":\"Options <a href=\\\"#\\\" class=\\\"nf-add-new\\\">Add New<\\\/a> <a href=\\\"#\\\" class=\\\"extra nf-open-import-tooltip\\\"><i class=\\\"fa fa-sign-in\\\" aria-hidden=\\\"true\\\"><\\\/i> Import<\\\/a>\",\"width\":\"full\",\"group\":\"\",\"value\":[{\"label\":\"One\",\"value\":\"one\",\"calc\":\"\",\"selected\":0,\"order\":0},{\"label\":\"Two\",\"value\":\"two\",\"calc\":\"\",\"selected\":0,\"order\":1},{\"label\":\"Three\",\"value\":\"three\",\"calc\":\"\",\"selected\":0,\"order\":2}],\"columns\":{\"label\":{\"header\":\"Label\",\"default\":\"\"},\"value\":{\"header\":\"Value\",\"default\":\"\"},\"calc\":{\"header\":\"Calc Value\",\"default\":\"\"},\"selected\":{\"header\":\"<span class=\\\"dashicons dashicons-yes\\\"><\\\/span>\",\"default\":0}}},\"manual_value\":true},{\"errors\":[],\"max_options\":0,\"order\":7,\"new\":false,\"options\":[],\"label\":\"Elektronik Tasar\\u0131m\",\"value\":\"elec\",\"calc\":\"\",\"selected\":0,\"settingModel\":{\"settings\":false,\"hide_merge_tags\":false,\"error\":false,\"name\":\"options\",\"type\":\"option-repeater\",\"label\":\"Options <a href=\\\"#\\\" class=\\\"nf-add-new\\\">Add New<\\\/a> <a href=\\\"#\\\" class=\\\"extra nf-open-import-tooltip\\\"><i class=\\\"fa fa-sign-in\\\" aria-hidden=\\\"true\\\"><\\\/i> Import<\\\/a>\",\"width\":\"full\",\"group\":\"\",\"value\":[{\"label\":\"One\",\"value\":\"one\",\"calc\":\"\",\"selected\":0,\"order\":0},{\"label\":\"Two\",\"value\":\"two\",\"calc\":\"\",\"selected\":0,\"order\":1},{\"label\":\"Three\",\"value\":\"three\",\"calc\":\"\",\"selected\":0,\"order\":2}],\"columns\":{\"label\":{\"header\":\"Label\",\"default\":\"\"},\"value\":{\"header\":\"Value\",\"default\":\"\"},\"calc\":{\"header\":\"Calc Value\",\"default\":\"\"},\"selected\":{\"header\":\"<span class=\\\"dashicons dashicons-yes\\\"><\\\/span>\",\"default\":0}}},\"manual_value\":true},{\"errors\":[],\"max_options\":0,\"order\":8,\"new\":false,\"options\":[],\"label\":\"S\\u00fcr\\u00fcm Kontrol\\u00fc\",\"value\":\"ver\",\"calc\":\"\",\"selected\":0,\"settingModel\":{\"settings\":false,\"hide_merge_tags\":false,\"error\":false,\"name\":\"options\",\"type\":\"option-repeater\",\"label\":\"Options <a href=\\\"#\\\" class=\\\"nf-add-new\\\">Add New<\\\/a> <a href=\\\"#\\\" class=\\\"extra nf-open-import-tooltip\\\"><i class=\\\"fa fa-sign-in\\\" aria-hidden=\\\"true\\\"><\\\/i> Import<\\\/a>\",\"width\":\"full\",\"group\":\"\",\"value\":[{\"label\":\"One\",\"value\":\"one\",\"calc\":\"\",\"selected\":0,\"order\":0},{\"label\":\"Two\",\"value\":\"two\",\"calc\":\"\",\"selected\":0,\"order\":1},{\"label\":\"Three\",\"value\":\"three\",\"calc\":\"\",\"selected\":0,\"order\":2}],\"columns\":{\"label\":{\"header\":\"Label\",\"default\":\"\"},\"value\":{\"header\":\"Value\",\"default\":\"\"},\"calc\":{\"header\":\"Calc Value\",\"default\":\"\"},\"selected\":{\"header\":\"<span class=\\\"dashicons dashicons-yes\\\"><\\\/span>\",\"default\":0}}},\"manual_value\":true},{\"errors\":[],\"max_options\":0,\"order\":9,\"new\":false,\"options\":[],\"label\":\"Sorun Takibi\",\"value\":\"issue\",\"calc\":\"\",\"selected\":0,\"settingModel\":{\"settings\":false,\"hide_merge_tags\":false,\"error\":false,\"name\":\"options\",\"type\":\"option-repeater\",\"label\":\"Options <a href=\\\"#\\\" class=\\\"nf-add-new\\\">Add New<\\\/a> <a href=\\\"#\\\" class=\\\"extra nf-open-import-tooltip\\\"><i class=\\\"fa fa-sign-in\\\" aria-hidden=\\\"true\\\"><\\\/i> Import<\\\/a>\",\"width\":\"full\",\"group\":\"\",\"value\":[{\"label\":\"One\",\"value\":\"one\",\"calc\":\"\",\"selected\":0,\"order\":0},{\"label\":\"Two\",\"value\":\"two\",\"calc\":\"\",\"selected\":0,\"order\":1},{\"label\":\"Three\",\"value\":\"three\",\"calc\":\"\",\"selected\":0,\"order\":2}],\"columns\":{\"label\":{\"header\":\"Label\",\"default\":\"\"},\"value\":{\"header\":\"Value\",\"default\":\"\"},\"calc\":{\"header\":\"Calc Value\",\"default\":\"\"},\"selected\":{\"header\":\"<span class=\\\"dashicons dashicons-yes\\\"><\\\/span>\",\"default\":0}}},\"manual_value\":true},{\"errors\":[],\"max_options\":0,\"order\":10,\"new\":false,\"options\":[],\"label\":\"Wiki Edit\\u00f6rl\\u00fc\\u011f\\u00fc\",\"value\":\"wiki\",\"calc\":\"\",\"selected\":0,\"settingModel\":{\"settings\":false,\"hide_merge_tags\":false,\"error\":false,\"name\":\"options\",\"type\":\"option-repeater\",\"label\":\"Options <a href=\\\"#\\\" class=\\\"nf-add-new\\\">Add New<\\\/a> <a href=\\\"#\\\" class=\\\"extra nf-open-import-tooltip\\\"><i class=\\\"fa fa-sign-in\\\" aria-hidden=\\\"true\\\"><\\\/i> Import<\\\/a>\",\"width\":\"full\",\"group\":\"\",\"value\":[{\"label\":\"One\",\"value\":\"one\",\"calc\":\"\",\"selected\":0,\"order\":0},{\"label\":\"Two\",\"value\":\"two\",\"calc\":\"\",\"selected\":0,\"order\":1},{\"label\":\"Three\",\"value\":\"three\",\"calc\":\"\",\"selected\":0,\"order\":2}],\"columns\":{\"label\":{\"header\":\"Label\",\"default\":\"\"},\"value\":{\"header\":\"Value\",\"default\":\"\"},\"calc\":{\"header\":\"Calc Value\",\"default\":\"\"},\"selected\":{\"header\":\"<span class=\\\"dashicons dashicons-yes\\\"><\\\/span>\",\"default\":0}}},\"manual_value\":true}],\"container_class\":\"\",\"element_class\":\"\",\"admin_label\":\"\",\"help_text\":\"\",\"drawerDisabled\":false,\"id\":36,\"beforeField\":\"\",\"afterField\":\"\",\"value\":\"\",\"parentType\":\"list\",\"element_templates\":[\"listcheckbox\",\"input\"],\"old_classname\":\"list-checkbox\",\"wrap_template\":\"wrap\"},{\"id\":0,\"label\":\"\\u00d6zge\\u00e7mi\\u015f\",\"order\":6,\"key\":\"oezgecmis_1514490411631\",\"type\":\"unknown\",\"message\":\"Field type &quot;file_upload&quot; not found.\",\"beforeField\":\"\",\"afterField\":\"\",\"value\":\"\",\"label_pos\":\"left\",\"parentType\":\"unknown\",\"element_templates\":[\"null\",\"hidden\",\"input\"],\"old_classname\":\"\",\"wrap_template\":\"wrap-no-label\"},{\"id\":0,\"label\":\"Portf\\u00f6y\",\"order\":7,\"key\":\"portfoey_1514490425306\",\"type\":\"unknown\",\"message\":\"Field type &quot;file_upload&quot; not found.\",\"beforeField\":\"\",\"afterField\":\"\",\"value\":\"\",\"label_pos\":\"left\",\"parentType\":\"unknown\",\"element_templates\":[\"null\",\"hidden\",\"input\"],\"old_classname\":\"\",\"wrap_template\":\"wrap-no-label\"},{\"objectType\":\"Field\",\"objectDomain\":\"fields\",\"editActive\":false,\"order\":8,\"type\":\"hidden\",\"label\":\"Hidden\",\"key\":\"hidden_1490169131056\",\"default\":\"US-CE-01\",\"admin_label\":\"\",\"drawerDisabled\":false,\"id\":33,\"beforeField\":\"\",\"afterField\":\"\",\"value\":\"US-CE-01\",\"label_pos\":\"left\",\"parentType\":\"hidden\",\"element_templates\":[\"hidden\",\"input\"],\"old_classname\":\"\",\"wrap_template\":\"wrap-no-label\"},{\"objectType\":\"Field\",\"objectDomain\":\"fields\",\"editActive\":false,\"order\":9,\"type\":\"submit\",\"label\":\"G\\u00f6nder\",\"processing_label\":\"Processing\",\"container_class\":\"\",\"element_class\":\"\",\"key\":\"goender_1514490435321\",\"drawerDisabled\":false,\"id\":34,\"beforeField\":\"\",\"afterField\":\"\",\"value\":\"\",\"label_pos\":\"left\",\"parentType\":\"textbox\",\"element_templates\":[\"submit\",\"button\",\"input\"],\"old_classname\":\"\",\"wrap_template\":\"wrap-no-label\"}];nfForms.push(form);<\/script>\n        \n<p>&nbsp;<\/p>\n","protected":false},"excerpt":{"rendered":"<p>Robolit New York \u0130tfaiye Departman\u0131&#8217;nda uzun y\u0131llar g\u00f6rev yapm\u0131\u015f g\u00f6revliler ile beraber arama kurtarma alan\u0131nda \u00e7\u0131\u011f\u0131r a\u00e7acak bir konseptin hayata ge\u00e7irilmesi i\u00e7in yeni bir ara\u015ft\u0131rma ve geli\u015ftirme projesine ba\u015fl\u0131yor. Bu \u00e7al\u0131\u015fmam\u0131za yarat\u0131c\u0131l\u0131klar\u0131 ile enerji katacak D\u00fcnya&#8217;y\u0131 de\u011fi\u015ftirme iste\u011fini iliklerine kadar hisseden giri\u015fimci yeni tak\u0131m arkada\u015flar\u0131 ar\u0131yoruz. \u00d6zellikler Proje Ocak 2018 tarihinde ba\u015flayacak. \u00c7al\u0131\u015fma 3-ayl\u0131k b\u00f6l\u00fcmler [&hellip;]<\/p>\n","protected":false},"author":1,"featured_media":1689,"parent":1682,"menu_order":0,"comment_status":"closed","ping_status":"closed","template":"fullwidth.php","meta":{"_mi_skip_tracking":false},"_links":{"self":[{"href":"https:\/\/www.robolit.com\/index.php\/wp-json\/wp\/v2\/pages\/1677"}],"collection":[{"href":"https:\/\/www.robolit.com\/index.php\/wp-json\/wp\/v2\/pages"}],"about":[{"href":"https:\/\/www.robolit.com\/index.php\/wp-json\/wp\/v2\/types\/page"}],"author":[{"embeddable":true,"href":"https:\/\/www.robolit.com\/index.php\/wp-json\/wp\/v2\/users\/1"}],"replies":[{"embeddable":true,"href":"https:\/\/www.robolit.com\/index.php\/wp-json\/wp\/v2\/comments?post=1677"}],"version-history":[{"count":3,"href":"https:\/\/www.robolit.com\/index.php\/wp-json\/wp\/v2\/pages\/1677\/revisions"}],"predecessor-version":[{"id":1694,"href":"https:\/\/www.robolit.com\/index.php\/wp-json\/wp\/v2\/pages\/1677\/revisions\/1694"}],"up":[{"embeddable":true,"href":"https:\/\/www.robolit.com\/index.php\/wp-json\/wp\/v2\/pages\/1682"}],"wp:featuredmedia":[{"embeddable":true,"href":"https:\/\/www.robolit.com\/index.php\/wp-json\/wp\/v2\/media\/1689"}],"wp:attachment":[{"href":"https:\/\/www.robolit.com\/index.php\/wp-json\/wp\/v2\/media?parent=1677"}],"curies":[{"name":"wp","href":"https:\/\/api.w.org\/{rel}","templated":true}]}}